{"id":6810,"date":"2025-05-16T12:21:50","date_gmt":"2025-05-16T10:21:50","guid":{"rendered":"https:\/\/www.cnog.ro\/?page_id=6810"},"modified":"2025-07-09T11:39:52","modified_gmt":"2025-07-09T09:39:52","slug":"transparenta-decizionala","status":"publish","type":"page","link":"https:\/\/www.cnog.ro\/index.php\/transparenta-decizionala\/","title":{"rendered":"Transparen\u0163\u0103 decizional\u0103"},"content":{"rendered":"\n<div class=\"wp-block-file\"><a id=\"wp-block-file--media-ff44f4e2-705b-45e5-afeb-7ec89db2c8d9\" href=\"http:\/\/www.cnog.ro\/wp-content\/uploads\/2025\/05\/Procedura-privind-asigurarea-legalitatii-actului-decizional.pdf\" target=\"_blank\" rel=\"noreferrer noopener\"><font size=\"5\">Procedura privind asigurarea legalitatii actului decizional<\/font><\/a><\/div>\n\n\n\n<div class=\"wp-block-file\"><a id=\"wp-block-file--media-0753e6fe-a9d1-4398-98a5-9e1f3a36cbe8\" href=\"http:\/\/www.cnog.ro\/wp-content\/uploads\/2025\/05\/Legea-52-din-2003-privind-transparenta-decizionala.pdf\" target=\"_blank\" rel=\"noreferrer noopener\"><font size=\"5\">Legea 52 din 2003 privind transparenta decizionala<\/font><\/a><\/div>\n\n\n\n<div class=\"wp-block-file\"><a id=\"wp-block-file--media-e1f52f35-013e-4fb2-98cf-3cb9b4fdc7b8\" href=\"http:\/\/www.cnog.ro\/wp-content\/uploads\/2025\/05\/H.G-nr.831-din-2022-Norme-de-aplicare-a-Legii-nr.52-din-2003.pdf\" target=\"_blank\" rel=\"noreferrer noopener\"><font size=\"5\">H.G nr.831 din 2022 Norme de aplicare a Legii nr.52 din 2003<\/font><\/a><\/div>\n\n\n\n<div class=\"wp-block-file\"><a id=\"wp-block-file--media-d50e4537-76da-418d-a7c6-eb39c39e43f7\" href=\"https:\/\/www.cnog.ro\/wp-content\/uploads\/2025\/07\/Raport-privind-Transparenta-in-procesul-decizional-1.pdf\" target=\"_blank\" rel=\"noreferrer noopener\"><font size=\"5\">Raport privind Transparenta \u00een procesul decizional<\/font><\/a><\/div>\n\n\n\n<p><\/p>\n","protected":false},"excerpt":{"rendered":"","protected":false},"author":1,"featured_media":0,"parent":0,"menu_order":0,"comment_status":"closed","ping_status":"closed","template":"","meta":{"footnotes":"","_links_to":"","_links_to_target":""},"class_list":["post-6810","page","type-page","status-publish","hentry"],"_links":{"self":[{"href":"https:\/\/www.cnog.ro\/index.php\/wp-json\/wp\/v2\/pages\/6810","targetHints":{"allow":["GET"]}}],"collection":[{"href":"https:\/\/www.cnog.ro\/index.php\/wp-json\/wp\/v2\/pages"}],"about":[{"href":"https:\/\/www.cnog.ro\/index.php\/wp-json\/wp\/v2\/types\/page"}],"author":[{"embeddable":true,"href":"https:\/\/www.cnog.ro\/index.php\/wp-json\/wp\/v2\/users\/1"}],"replies":[{"embeddable":true,"href":"https:\/\/www.cnog.ro\/index.php\/wp-json\/wp\/v2\/comments?post=6810"}],"version-history":[{"count":7,"href":"https:\/\/www.cnog.ro\/index.php\/wp-json\/wp\/v2\/pages\/6810\/revisions"}],"predecessor-version":[{"id":6880,"href":"https:\/\/www.cnog.ro\/index.php\/wp-json\/wp\/v2\/pages\/6810\/revisions\/6880"}],"wp:attachment":[{"href":"https:\/\/www.cnog.ro\/index.php\/wp-json\/wp\/v2\/media?parent=6810"}],"curies":[{"name":"wp","href":"https:\/\/api.w.org\/{rel}","templated":true}]}}