{"id":61,"date":"2018-09-05T10:22:42","date_gmt":"2018-09-05T10:22:42","guid":{"rendered":"http:\/\/www.cnog.ro\/?page_id=61"},"modified":"2026-02-02T14:55:47","modified_gmt":"2026-02-02T12:55:47","slug":"regulamente-si-legislatie-2","status":"publish","type":"page","link":"https:\/\/www.cnog.ro\/index.php\/regulamente-si-legislatie-2\/","title":{"rendered":"Planuri si regulamente"},"content":{"rendered":"\n<div class=\"wp-block-file\"><a id=\"wp-block-file--media-f576b643-3a5d-46c3-8aa9-2ce281b9dd9f\" href=\"http:\/\/www.cnog.ro\/wp-content\/uploads\/2026\/02\/PDI-CNOG-2025-2029.pdf\" target=\"_blank\" rel=\"noreferrer noopener\"><font size=\"4\">PDI CNOG 2025-2029<\/font><\/a><\/div>\n\n\n\n<div class=\"wp-block-file\"><a id=\"wp-block-file--media-929d0941-a000-4a95-8aba-77a2485429a4\" href=\"http:\/\/www.cnog.ro\/wp-content\/uploads\/2026\/02\/Cod-etica.pdf\" target=\"_blank\" rel=\"noreferrer noopener\"><font size=\"4\">Cod etica<\/font><\/a><\/div>\n\n\n\n<div class=\"wp-block-file\"><a id=\"wp-block-file--media-80406e51-9b14-4223-aed0-553da37c98ad\" href=\"http:\/\/www.cnog.ro\/wp-content\/uploads\/2026\/02\/RI-CNOG.pdf\" target=\"_blank\" rel=\"noreferrer noopener\"><font size=\"4\">RI CNOG<\/font><\/a><\/div>\n\n\n\n<div class=\"wp-block-file\"><a id=\"wp-block-file--media-a92dd2be-f425-4d56-b1cc-4511cd51a234\" href=\"http:\/\/www.cnog.ro\/wp-content\/uploads\/2026\/02\/ROFUI-CNOG.pdf\" target=\"_blank\" rel=\"noreferrer noopener\"><font size=\"4\">ROFUI CNOG<\/font><\/a><\/div>\n\n\n\n<hr>\n\n\n<p><span style=\"color: red; font-size: large;\"><br \/><a href=\"http:\/\/www.cnog.ro\/wp-content\/uploads\/2024\/12\/ROFUI-CNOG-2024-2025.pdf\" target=\"_blank\" rel=\"noopener\">ROFUI CNOG 2024-2025<\/a><br \/><a href=\"http:\/\/www.cnog.ro\/wp-content\/uploads\/2024\/12\/ROI-CNOG-2024-2025.pdf\" target=\"_blank\" rel=\"noopener\">ROI CNOG 2024-2025<\/a><br \/><a href=\"http:\/\/www.cnog.ro\/wp-content\/uploads\/2024\/12\/PDI-revizuit-2024-2025.pdf\" target=\"_blank\" rel=\"noopener\">PDI revizuit 2024-2025<\/a><br \/><a href=\"http:\/\/www.cnog.ro\/wp-content\/uploads\/2024\/05\/PDI-2020-2025-revizuit-in-2023-2024.pdf\" target=\"_blank\" rel=\"noopener\">PDI 2020-2025 revizuit in 2023-2024<\/a><br \/><a href=\"http:\/\/www.cnog.ro\/wp-content\/uploads\/2023\/12\/RI-CNOG-20203-2024.pdf\" target=\"_blank\" rel=\"noopener\">RI CNOG 2023-2024<\/a><br \/><a href=\"http:\/\/www.cnog.ro\/wp-content\/uploads\/2023\/12\/ROFUI-CNOG-2023-2024.pdf\" target=\"_blank\" rel=\"noopener\">ROFUI CNOG 2023-2024<\/a><br \/><a href=\"http:\/\/www.cnog.ro\/wp-content\/uploads\/2023\/11\/COD-DE-CONDUIT\u0102-\u0218I-ETIC\u0102.pdf\" target=\"_blank\" rel=\"noopener\"> COD DE CONDUIT\u0102 \u0218I ETIC\u0102 NOIEMBRIE 2023<\/a><br \/><a href=\"http:\/\/www.cnog.ro\/wp-content\/uploads\/2024\/02\/extras-obligatii-si-indatoriri-elevi-A3.pdf\" target=\"_blank\" rel=\"noopener\">EXTRAS DIN LEGEA INVATAMANTULUI PREUNIVERSITAR &#8211; OBLIGATII SI INDATORIRI ELEVI<\/a><br \/><a href=\"http:\/\/www.cnog.ro\/wp-content\/uploads\/2024\/02\/Extras-din-Regulamentul-de-organizare-\u015fi-func\u0163ionare-a-unit\u0103\u0163ii-de-\u00eenv\u0103\u0163\u0103m\u00e2nt.pdf\" target=\"_blank\" rel=\"noopener\"> EXTRAS DIN REGULAMENTUL DE ORGANIZARE \u015eI FUNC\u0162IONARE A UNIT\u0102\u0162II DE \u00ceNV\u0102\u0162\u0102M\u00c2NT<\/a><\/span><\/p>\n<hr \/>\n<p><span style=\"color: red; font-size: large;\"><span style=\"color: red; font-size: large;\"><br \/><a href=\"http:\/\/www.cnog.ro\/wp-content\/uploads\/2022\/12\/REGULAMENT-DE-ORGANIZARE-SI-FUNCTIONARE-A-UNITATII-DE-INVATAMANT-COLEGIUL-NATIONAL-OCTAVIAN-GOGA-MARGHITA.pdf\" target=\"_blank\" rel=\"noopener\"> REGULAMENT DE ORGANIZARE SI FUNCTIONARE A UNITATII DE INVATAMANT COLEGIUL NATIONAL OCTAVIAN GOGA MARGHITA &#8211; DECEMBRIE 2022<\/a><br \/><a href=\"http:\/\/www.cnog.ro\/wp-content\/uploads\/2022\/12\/REGULAMENT-INTERN-AL-COLEGIULUI-NATIONAL-OCTAVIAN-GOGA-MARGHITA.pdf\" target=\"_blank\" rel=\"noopener\">REGULAMENT INTERN AL COLEGIULUI NATIONAL OCTAVIAN GOGA MARGHITA &#8211; DECEMBRIE 2022<\/a><br \/><a href=\"http:\/\/www.cnog.ro\/wp-content\/uploads\/2022\/12\/COD-DE-CONDUITA-ETICA.pdf\" target=\"_blank\" rel=\"noopener\">COD DE CONDUITA ETICA DECEMBRIE 2022<\/a><\/span><\/span><\/p>\n<hr \/>\n<p><span style=\"color: red; font-size: large;\"><span style=\"color: red; font-size: large;\"><span style=\"color: red; font-size: large;\"><br \/><a href=\"http:\/\/www.cnog.ro\/wp-content\/uploads\/2022\/01\/Regulament-Intern-2021-2022-1.pdf\" target=\"_blank\" rel=\"noopener\">Regulament Intern 2021-2022<\/a><br \/><a href=\"http:\/\/www.cnog.ro\/wp-content\/uploads\/2022\/01\/ROFUI-CNOG-2021-2022-1.pdf\" target=\"_blank\" rel=\"noopener\">ROFUI CNOG 2021-2022<\/a><\/span><\/span><\/span><\/p>\n<hr \/>\n<p><span style=\"color: red; font-size: large;\"><span style=\"color: red; font-size: large;\"><span style=\"color: red; font-size: large;\"><a href=\"http:\/\/www.cnog.ro\/wp-content\/uploads\/2021\/03\/Plan-de-integritate.pdf\" target=\"_blank\" rel=\"noopener\">Plan de integritate<\/a><br \/><span style=\"color: red; font-size: large;\"><a href=\"http:\/\/www.cnog.ro\/wp-content\/uploads\/2021\/03\/Regulament-noiembrie-2020.pdf\">ROFUI 2020 &#8211; 2021<\/a><br \/><a href=\"http:\/\/www.cnog.ro\/wp-content\/uploads\/2020\/12\/Regulamen-Intern-2020-2021.pdf\">Regulament Intern -2020-2021<\/a><\/span><\/span><\/span><\/span><\/p>\n<hr \/>\n<p><span style=\"color: red; font-size: large;\"><span style=\"color: red; font-size: large;\"><span style=\"color: red; font-size: large;\"><span style=\"color: yellow; font-size: large;\"><br \/><a href=\"http:\/\/www.cnog.ro\/wp-content\/uploads\/2019\/12\/Regulament-Intern.pdf\"> Regulament Intern al Colegiului National &#8220;Octavian Goga&#8221; Marghita<\/a><br \/><a href=\"http:\/\/www.cnog.ro\/wp-content\/uploads\/2019\/12\/Regulament-intern-an-scolar-2019-2020.pdf\"> ROFUI an scolar 2019-2020<\/a><br \/><a href=\"http:\/\/www.cnog.ro\/wp-content\/uploads\/2019\/10\/Plan-operational-director-2019-2020.pdf\" target=\"_blank\" rel=\"noopener\"> Plan operational director 2019-2020<\/a><br \/><a href=\"http:\/\/www.cnog.ro\/wp-content\/uploads\/2019\/10\/Plan-managerial-director-2019-2020.pdf\" target=\"_blank\" rel=\"noopener\"> Plan managerial director 2019-2020<\/a><br \/><a href=\"http:\/\/www.cnog.ro\/wp-content\/uploads\/2019\/10\/Plan-de-dezvoltare-europeana-CN-O.-Goga-2019-2020.pdf\" target=\"_blank\" rel=\"noopener\"> Plan de dezvoltare europeana CN O. Goga 2019-2020<\/a><br \/><a href=\"http:\/\/www.cnog.ro\/wp-content\/uploads\/2019\/10\/PDI-2019-2024.pdf\" target=\"_blank\" rel=\"noopener\"> PDI 2019-2024<\/a><br \/><a href=\"http:\/\/www.cnog.ro\/wp-content\/uploads\/2019\/11\/Plan-managerial-operational-directori-adjuncti-2019-2020.pdf\" target=\"_blank\" rel=\"noopener\">Plan managerial operational directori adjuncti 2019-2020<\/a><\/span><\/span><\/span><\/span><\/p>\n<hr \/>\n<p><span style=\"color: red; font-size: large;\"><span style=\"color: red; font-size: large;\"><span style=\"color: blue; font-size: large;\"><br \/><a href=\"http:\/\/www.cnog.ro\/documente\/2018\/management\/Plan managerial director.pdf\" target=\"_blank\" rel=\"noopener\">Plan managerial director 2018-2019<\/a><br \/><a href=\"http:\/\/www.cnog.ro\/documente\/2018\/management\/Plan managerial  directori adjuncti.pdf\" target=\"_blank\" rel=\"noopener\">Plan managerial directori adjuncti 2018-2019 <\/a><br \/><a href=\"http:\/\/www.cnog.ro\/documente\/2018\/management\/Plan operational.pdf\" target=\"_blank\" rel=\"noopener\">Plan operational 2018-2019<\/a><br \/><a href=\"http:\/\/www.cnog.ro\/wp-content\/uploads\/2019\/03\/regulament-intern.pdf\" target=\"_blank\" rel=\"noopener\">Regulament intern<\/a><br \/><a href=\"http:\/\/www.cnog.ro\/wp-content\/uploads\/2019\/03\/ROFUI-GOGA.pdf\" target=\"_blank\" rel=\"noopener\">ROFUI GOGA<\/a><br \/><a href=\"http:\/\/www.cnog.ro\/wp-content\/uploads\/2019\/03\/cod-de-etica.pdf\" target=\"_blank\" rel=\"noopener\">Cod de etica<\/a><\/span><\/span><\/span><\/p>","protected":false},"excerpt":{"rendered":"<p>ROFUI CNOG 2024-2025ROI CNOG 2024-2025PDI revizuit 2024-2025PDI 2020-2025 revizuit in 2023-2024RI CNOG 2023-2024ROFUI CNOG 2023-2024&#8230;<\/p>\n","protected":false},"author":1,"featured_media":0,"parent":0,"menu_order":0,"comment_status":"closed","ping_status":"closed","template":"","meta":{"footnotes":"","_links_to":"","_links_to_target":""},"class_list":["post-61","page","type-page","status-publish","hentry"],"_links":{"self":[{"href":"https:\/\/www.cnog.ro\/index.php\/wp-json\/wp\/v2\/pages\/61","targetHints":{"allow":["GET"]}}],"collection":[{"href":"https:\/\/www.cnog.ro\/index.php\/wp-json\/wp\/v2\/pages"}],"about":[{"href":"https:\/\/www.cnog.ro\/index.php\/wp-json\/wp\/v2\/types\/page"}],"author":[{"embeddable":true,"href":"https:\/\/www.cnog.ro\/index.php\/wp-json\/wp\/v2\/users\/1"}],"replies":[{"embeddable":true,"href":"https:\/\/www.cnog.ro\/index.php\/wp-json\/wp\/v2\/comments?post=61"}],"version-history":[{"count":54,"href":"https:\/\/www.cnog.ro\/index.php\/wp-json\/wp\/v2\/pages\/61\/revisions"}],"predecessor-version":[{"id":7890,"href":"https:\/\/www.cnog.ro\/index.php\/wp-json\/wp\/v2\/pages\/61\/revisions\/7890"}],"wp:attachment":[{"href":"https:\/\/www.cnog.ro\/index.php\/wp-json\/wp\/v2\/media?parent=61"}],"curies":[{"name":"wp","href":"https:\/\/api.w.org\/{rel}","templated":true}]}}