{"id":5736,"date":"2024-10-24T09:04:13","date_gmt":"2024-10-24T09:04:13","guid":{"rendered":"http:\/\/www.cnog.ro\/?page_id=5736"},"modified":"2025-12-19T11:39:37","modified_gmt":"2025-12-19T09:39:37","slug":"transferuri","status":"publish","type":"page","link":"https:\/\/www.cnog.ro\/index.php\/transferuri\/","title":{"rendered":"Transferuri"},"content":{"rendered":"\n<p class=\"has-vivid-red-color has-text-color has-link-color wp-elements-cf5d4700d7137c66dbb800174410087a\"><strong><em><font size=\"4\">Transferuri \u00een perioada vacan\u0163ei de <\/font>iarn\u0103<\/em><\/strong><\/p>\n\n\n\n<div class=\"wp-block-file\"><a id=\"wp-block-file--media-e5f1a545-25cd-42e8-b55a-c1d99ff2c2dd\" href=\"http:\/\/www.cnog.ro\/wp-content\/uploads\/2025\/12\/Calendar-si-locuri-libere-transfer-vacanta-de-iarna.pdf\" target=\"_blank\" rel=\"noreferrer noopener\"><font size=\"4\">Calendar si locuri libere transfer vacanta de iarna<\/font><\/a><\/div>\n\n\n\n<p class=\"has-vivid-red-color has-text-color has-link-color wp-elements-db2e6a1d07d8e9846b5ff1710b2fc71f\"><strong><em><font size=\"4\">Transferuri \u00een perioada vacan\u0163ei de var\u0103<\/font><\/em><\/strong><\/p>\n\n\n\n<div class=\"wp-block-file\"><a id=\"wp-block-file--media-dfc20cbb-ca7e-4f13-a329-e5d49d883161\" href=\"http:\/\/www.cnog.ro\/wp-content\/uploads\/2025\/08\/Lista-locuri-libere1.pdf\" target=\"_blank\" rel=\"noreferrer noopener\"><font size=\"5\">Locuri disponibile<\/font><\/a><\/div>\n\n\n\n<div class=\"wp-block-file\"><a id=\"wp-block-file--media-1a825052-7240-4078-b5c5-2f909550d94b\" href=\"https:\/\/www.cnog.ro\/wp-content\/uploads\/2025\/06\/Calendar-transferuri-in-perioada-vacantei-de-vara-1.pdf\" target=\"_blank\" rel=\"noreferrer noopener\"><font size=\"3\">Calendar transferuri in perioada vacantei de vara<\/font><\/a><\/div>\n\n\n\n<p class=\"has-vivid-red-color has-text-color has-link-color wp-elements-d178571df47c8b9af46b21169ea80c58\"><strong><em><font size=\"4\">Transferuri \u00een perioada vacan\u0163ei de primavar\u0103<\/font><\/em><\/strong><\/p>\n\n\n\n<div class=\"wp-block-file\"><a id=\"wp-block-file--media-ba5df522-c30c-4121-b511-52f54e4a3fbd\" href=\"http:\/\/www.cnog.ro\/wp-content\/uploads\/2025\/04\/Calendar-transferuri-in-perioada-vacantei-de-primavara-2.pdf\" target=\"_blank\" rel=\"noreferrer noopener\"><font size=\"3\">Calendar transferuri in perioada vacantei de primavara<\/font><\/a><\/div>\n\n\n\n<div class=\"wp-block-file\"><a id=\"wp-block-file--media-720648c2-1e8b-4b9a-92a5-e7caba63ae73\" href=\"http:\/\/www.cnog.ro\/wp-content\/uploads\/2025\/04\/Locuri-libere.pdf\" target=\"_blank\" rel=\"noreferrer noopener\"><font size=\"3\">Locuri libere<\/font><\/a><\/div>\n\n\n<p><b><i><u><span style=\"font-size: large;\">Transferuri \u00een perioada vacan\u0163ei de toamn\u0103<\/span><\/u><\/i><\/b><br \/><a href=\"http:\/\/www.cnog.ro\/wp-content\/uploads\/2024\/10\/locuri-libere.pdf\" target=\"_blank\" rel=\"noopener\">Locuri libere<\/a><br \/><a href=\"http:\/\/www.cnog.ro\/wp-content\/uploads\/2024\/10\/calendar-transfer.pdf\" target=\"_blank\" rel=\"noopener\">Calendar transfer<\/a><br \/><a href=\"http:\/\/www.cnog.ro\/wp-content\/uploads\/2024\/11\/Rezultate-transfer.pdf\" target=\"_blank\" rel=\"noopener\"> Rezultate transfer<\/a><\/p>\n<hr \/>\n<p><a href=\"http:\/\/www.cnog.ro\/wp-content\/uploads\/2024\/10\/Procedura-operationala-privind-transferul-copiilor-si-elevilor-Revizia-6_an_scolar_2024_2025_23.10.2024.pdf\" target=\"_blank\" rel=\"noopener\">Procedura operationala privind transferul copiilor si elevilor Revizia 6_an_scolar_2024_2025_23.10.2024<\/a><\/p>\n\n\n<p><\/p>\n","protected":false},"excerpt":{"rendered":"<p>Transferuri \u00een perioada vacan\u0163ei de iarn\u0103 Transferuri \u00een perioada vacan\u0163ei de var\u0103 Transferuri \u00een perioada&#8230;<\/p>\n","protected":false},"author":1,"featured_media":0,"parent":0,"menu_order":0,"comment_status":"closed","ping_status":"closed","template":"","meta":{"footnotes":"","_links_to":"","_links_to_target":""},"class_list":["post-5736","page","type-page","status-publish","hentry"],"_links":{"self":[{"href":"https:\/\/www.cnog.ro\/index.php\/wp-json\/wp\/v2\/pages\/5736","targetHints":{"allow":["GET"]}}],"collection":[{"href":"https:\/\/www.cnog.ro\/index.php\/wp-json\/wp\/v2\/pages"}],"about":[{"href":"https:\/\/www.cnog.ro\/index.php\/wp-json\/wp\/v2\/types\/page"}],"author":[{"embeddable":true,"href":"https:\/\/www.cnog.ro\/index.php\/wp-json\/wp\/v2\/users\/1"}],"replies":[{"embeddable":true,"href":"https:\/\/www.cnog.ro\/index.php\/wp-json\/wp\/v2\/comments?post=5736"}],"version-history":[{"count":18,"href":"https:\/\/www.cnog.ro\/index.php\/wp-json\/wp\/v2\/pages\/5736\/revisions"}],"predecessor-version":[{"id":7782,"href":"https:\/\/www.cnog.ro\/index.php\/wp-json\/wp\/v2\/pages\/5736\/revisions\/7782"}],"wp:attachment":[{"href":"https:\/\/www.cnog.ro\/index.php\/wp-json\/wp\/v2\/media?parent=5736"}],"curies":[{"name":"wp","href":"https:\/\/api.w.org\/{rel}","templated":true}]}}