{"id":9,"date":"2018-09-04T07:00:34","date_gmt":"2018-09-04T07:00:34","guid":{"rendered":"http:\/\/www.cnog.ro\/?page_id=9"},"modified":"2025-03-03T13:03:00","modified_gmt":"2025-03-03T13:03:00","slug":"despre-noi","status":"publish","type":"page","link":"http:\/\/www.cnog.ro\/index.php\/despre-noi\/","title":{"rendered":"Despre noi"},"content":{"rendered":"\n<figure class=\"wp-block-image\"><img loading=\"lazy\" decoding=\"async\" width=\"4752\" height=\"3168\" src=\"https:\/\/www.cnog.ro\/wp-content\/uploads\/2025\/03\/IMG_9936.jpg\" alt=\"\" class=\"wp-image-6379\"\/><\/figure>\n\n\n<p>\u00a0<\/p>\n<div align=\"justify\">\u00a0\u00a0\u00a0\u00a0\u00a0La propunerea\u00a0 conducerii \u015fcolii \u015fi a colectivului de cadre didactice, \u00een anul 1994 liceul marghitan devine, prin Hot\u0103r\u00e2re de Guvern ,\u00a0 Grupul \u015ecolar \u201cOctavian Goga\u201d.<br \/>\u00a0\u00a0\u00a0\u00a0\u00a0\u00cen 4 septembrie 2006 printr-o alt\u0103 \u00a0Hot\u0103r\u00e2re de Guvern , \u00een urma rezultatelor ob\u0163inute la olimpiade, institu\u0163ia \u00a0prime\u015fte titulatura de Colegiu Na\u0163ional.<br \/>\u00a0\u00a0\u00a0\u00a0\u00a0\u00cen anul 2011 Colegiul Na\u0163ional Octavian Goga fuzioneaz\u0103 prin absorb\u0163ie cu \u015ecoala cu clasele I-VIII din Marghita. \u00cen urma fuziunii, colegiul \u00ee\u015fi desf\u0103\u015foar\u0103 activitatea \u00een 2 loca\u0163ii, una pe strada Nicolae B\u0103lcescu nr.80 \u015fi a doua pe strada Independen\u0163ei nr.1.<br \/>\u00a0\u00a0\u00a0\u00a0\u00a0De-a lungul timpului elevii colegiului nostru au ob\u0163inut numeroase premii la concursuri \u015fi olimpiade na\u0163ionale \u2013 premii la concursuri \u0219i olimpiade jude\u021bene \u0219i na\u021bionale de informatic\u0103 precum \u015fi la prestigiosul concursul interna\u0163ional de informatic\u0103 \u201eINFOMATRIX\u201d- locul I \u00een 2007, locul II \u00een 2008 \u0219i 2009. At\u00e2t elevii de la clasele primare c\u00e2t \u0219i cei de la clasele de gimnaziu \u0219i liceu au participat \u00een ultimii 3 ani la concursul interna\u021bional HOUR OF CODE.<br \/>\u00a0\u00a0\u00a0\u00a0\u00a0Elevii din Colegiul nostru sunt pasiona\u021bi de informatic\u0103. Acest lucru reiese din faptul c\u0103 un num\u0103r de 28 elevi au participat la Proiectul Erasmus \u00een domeniul IT din Portugalia Eurocompeten\u021be IT- cale sigur\u0103 pentru o integrare rapid\u0103 pe pia\u021ba muncii, respectiv 18 elevi au participat la Proiectul Erasmus din Spania Practici europene \u00een dezvoltarea abilit\u0103\u021bilor \u0219i a competen\u021belor tinerilor \u00een domeniul IT.\n<div>\u00a0<\/div>\n<\/div>","protected":false},"excerpt":{"rendered":"<p>\u00a0 \u00a0\u00a0\u00a0\u00a0\u00a0La propunerea\u00a0 conducerii \u015fcolii \u015fi a colectivului de cadre didactice, \u00een anul 1994 liceul&#8230;<\/p>\n","protected":false},"author":1,"featured_media":0,"parent":0,"menu_order":0,"comment_status":"closed","ping_status":"closed","template":"","meta":{"footnotes":"","_links_to":"","_links_to_target":""},"class_list":["post-9","page","type-page","status-publish","hentry"],"_links":{"self":[{"href":"http:\/\/www.cnog.ro\/index.php\/wp-json\/wp\/v2\/pages\/9","targetHints":{"allow":["GET"]}}],"collection":[{"href":"http:\/\/www.cnog.ro\/index.php\/wp-json\/wp\/v2\/pages"}],"about":[{"href":"http:\/\/www.cnog.ro\/index.php\/wp-json\/wp\/v2\/types\/page"}],"author":[{"embeddable":true,"href":"http:\/\/www.cnog.ro\/index.php\/wp-json\/wp\/v2\/users\/1"}],"replies":[{"embeddable":true,"href":"http:\/\/www.cnog.ro\/index.php\/wp-json\/wp\/v2\/comments?post=9"}],"version-history":[{"count":16,"href":"http:\/\/www.cnog.ro\/index.php\/wp-json\/wp\/v2\/pages\/9\/revisions"}],"predecessor-version":[{"id":6387,"href":"http:\/\/www.cnog.ro\/index.php\/wp-json\/wp\/v2\/pages\/9\/revisions\/6387"}],"wp:attachment":[{"href":"http:\/\/www.cnog.ro\/index.php\/wp-json\/wp\/v2\/media?parent=9"}],"curies":[{"name":"wp","href":"https:\/\/api.w.org\/{rel}","templated":true}]}}