{"id":7329,"date":"2025-10-09T07:42:39","date_gmt":"2025-10-09T05:42:39","guid":{"rendered":"https:\/\/www.cnog.ro\/?page_id=7329"},"modified":"2025-10-09T08:25:36","modified_gmt":"2025-10-09T06:25:36","slug":"semnalare-violenta","status":"publish","type":"page","link":"http:\/\/www.cnog.ro\/index.php\/semnalare-violenta\/","title":{"rendered":"Semnalare violen\u0163\u0103"},"content":{"rendered":"\n<div align=\"justify\"><br>&nbsp;&nbsp;&nbsp;&nbsp;Conform procedurii privind mecanismul de semnalare anonim\u0103 a faptelor de violen\u021b\u0103 \u0219i a suspiciunilor privind consumul de droguri \u0219i alte abateri de la normele de bun\u0103 conduit\u0103 \u00een unit\u0103\u021bile de \u00eenv\u0103\u021b\u0103m\u00e2nt preuniversitar, aprobat\u0103 prin Ordinul MEC nr. 516\/03.06.2025, sesizarea faptelor de violen\u021b\u0103 \u0219i a suspiciunilor privind consumul de droguri \u0219i alte abateri de la normele de bun\u0103 conduit\u0103 poate fi f\u0103cut\u0103 anonim, prin utilizarea urm\u0103toarelor modalit\u0103\u021bi:<br><br>\na) cutia fizic\u0103 de sesiz\u0103ri amplasat\u0103 \u00een incinta unit\u0103\u021bii de \u00eenv\u0103\u021b\u0103m\u00e2nt, destinat\u0103 colect\u0103rii formularelor de sesizare anonim\u0103;<br><br>\nb) formularul electronic care permite transmiterea sesiz\u0103rilor \u00een mod anonim &#8211; <a href=\"https:\/\/docs.google.com\/forms\/d\/e\/1FAIpQLSeK2m5-gJQ83ZOEBjoZBkB1QZWox9OAUR_DuhjxwvDx9tKBpA\/viewform?usp=header\" target=\"_blank\"><font color=\"red\">Formular online<\/font><\/a>; <br><br>\nc) transmiterea unui e-mail anonim prin serviciul <a href=\"https:\/\/anonymousemail.me\/\" target=\"_blank\"><font color=\"red\">anonymousemail.me<\/font><\/a> c\u0103tre adresa de e-mail dedicat\u0103: sesizari.violenta@cnog.ro\n<\/div>\n\n\n\n<p><\/p>\n","protected":false},"excerpt":{"rendered":"<p>&nbsp;&nbsp;&nbsp;&nbsp;Conform procedurii privind mecanismul de semnalare anonim\u0103 a faptelor de violen\u021b\u0103 \u0219i a suspiciunilor privind&#8230;<\/p>\n","protected":false},"author":1,"featured_media":0,"parent":0,"menu_order":0,"comment_status":"closed","ping_status":"closed","template":"","meta":{"footnotes":"","_links_to":"","_links_to_target":""},"class_list":["post-7329","page","type-page","status-publish","hentry"],"_links":{"self":[{"href":"http:\/\/www.cnog.ro\/index.php\/wp-json\/wp\/v2\/pages\/7329","targetHints":{"allow":["GET"]}}],"collection":[{"href":"http:\/\/www.cnog.ro\/index.php\/wp-json\/wp\/v2\/pages"}],"about":[{"href":"http:\/\/www.cnog.ro\/index.php\/wp-json\/wp\/v2\/types\/page"}],"author":[{"embeddable":true,"href":"http:\/\/www.cnog.ro\/index.php\/wp-json\/wp\/v2\/users\/1"}],"replies":[{"embeddable":true,"href":"http:\/\/www.cnog.ro\/index.php\/wp-json\/wp\/v2\/comments?post=7329"}],"version-history":[{"count":9,"href":"http:\/\/www.cnog.ro\/index.php\/wp-json\/wp\/v2\/pages\/7329\/revisions"}],"predecessor-version":[{"id":7342,"href":"http:\/\/www.cnog.ro\/index.php\/wp-json\/wp\/v2\/pages\/7329\/revisions\/7342"}],"wp:attachment":[{"href":"http:\/\/www.cnog.ro\/index.php\/wp-json\/wp\/v2\/media?parent=7329"}],"curies":[{"name":"wp","href":"https:\/\/api.w.org\/{rel}","templated":true}]}}