{"id":7312,"date":"2025-10-09T06:53:40","date_gmt":"2025-10-09T04:53:40","guid":{"rendered":"https:\/\/www.cnog.ro\/?page_id=7312"},"modified":"2025-10-09T07:13:50","modified_gmt":"2025-10-09T05:13:50","slug":"autorizatii-isu-dsp","status":"publish","type":"page","link":"http:\/\/www.cnog.ro\/index.php\/autorizatii-isu-dsp\/","title":{"rendered":"Autoriza\u0163ii ISU\/DSP"},"content":{"rendered":"\n<div class=\"wp-block-columns is-layout-flex wp-container-core-columns-is-layout-1 wp-block-columns-is-layout-flex\">\n<div class=\"wp-block-column is-layout-flow wp-block-column-is-layout-flow\" style=\"flex-basis:100%\">\n<figure class=\"wp-block-table alignfull is-style-regular\"><table class=\"has-fixed-layout\"><tbody><tr><td class=\"has-text-align-center\" data-align=\"center\">Loca\u0163ia cl\u0103dirii<\/td><td class=\"has-text-align-center\" data-align=\"center\">Autoriza\u0163ie de securitate la incendiu<\/td><td class=\"has-text-align-center\" data-align=\"center\">Autoriza\u0163ie sanitar\u0103 de func\u0163ionare<\/td><\/tr><tr><td class=\"has-text-align-center\" data-align=\"center\">Str. Pia\u0163a Independen\u0163ei nr.1<\/td><td class=\"has-text-align-center\" data-align=\"center\">DA &#8211; <a href=\"http:\/\/www.cnog.ro\/wp-content\/uploads\/2025\/10\/Autorizatie-de-securitate-la-incendiu-Goga2.pdf\"> <\/a><a href=\"http:\/\/www.cnog.ro\/wp-content\/uploads\/2025\/10\/Autorizatie-de-securitate-la-incendiu-Goga2.pdf\" data-type=\"link\" data-id=\"http:\/\/www.cnog.ro\/wp-content\/uploads\/2025\/10\/Autorizatie-de-securitate-la-incendiu-Goga2.pdf\" target=\"_blank\" rel=\"noreferrer noopener\">Autorizatia<\/a><\/td><td class=\"has-text-align-center\" data-align=\"center\">DA &#8211; <a href=\"http:\/\/www.cnog.ro\/wp-content\/uploads\/2025\/10\/Autorizatie-sanitara-de-functionare-Goga2.pdf\" target=\"_blank\" rel=\"noreferrer noopener\">Autorizatia<\/a><\/td><\/tr><tr><td class=\"has-text-align-center\" data-align=\"center\">Str. N. B\u0103lcescu nr.80 &#8211; Corp A<\/td><td class=\"has-text-align-center\" data-align=\"center\">NU ESTE CAZUL (la data construc\u0163iei cl\u0103dirii nu exista o legisla\u0163ie care s\u0103 impun\u0103 ob\u0163inerea autoriza\u0163iei)<\/td><td class=\"has-text-align-center\" data-align=\"center\">DA &#8211; <a href=\"http:\/\/www.cnog.ro\/wp-content\/uploads\/2025\/10\/Autorizatie-sanitara-de-functionare-Goga1.pdf\" target=\"_blank\" rel=\"noreferrer noopener\">Autorizatia<\/a><\/td><\/tr><tr><td class=\"has-text-align-center\" data-align=\"center\">Str. N. B\u0103lcescu nr.80 &#8211; Corp B<\/td><td class=\"has-text-align-center\" data-align=\"center\">DA &#8211; <a href=\"http:\/\/www.cnog.ro\/wp-content\/uploads\/2025\/10\/Autorizatie-de-securitate-la-incendiu-Goga1-Corp-B.pdf\" target=\"_blank\" rel=\"noreferrer noopener\">Autorizatia<\/a><\/td><td class=\"has-text-align-center\" data-align=\"center\">DA &#8211; <a href=\"http:\/\/www.cnog.ro\/wp-content\/uploads\/2025\/10\/Autorizatie-sanitara-de-functionare-Goga1.pdf\" target=\"_blank\" rel=\"noreferrer noopener\">Autorizatia<\/a><\/td><\/tr><\/tbody><\/table><\/figure>\n<\/div>\n<\/div>\n\n\n\n<p><\/p>\n","protected":false},"excerpt":{"rendered":"<p>Loca\u0163ia cl\u0103dirii Autoriza\u0163ie de securitate la incendiu Autoriza\u0163ie sanitar\u0103 de func\u0163ionare Str. Pia\u0163a Independen\u0163ei nr.1&#8230;<\/p>\n","protected":false},"author":1,"featured_media":0,"parent":0,"menu_order":0,"comment_status":"closed","ping_status":"closed","template":"","meta":{"footnotes":"","_links_to":"","_links_to_target":""},"class_list":["post-7312","page","type-page","status-publish","hentry"],"_links":{"self":[{"href":"http:\/\/www.cnog.ro\/index.php\/wp-json\/wp\/v2\/pages\/7312","targetHints":{"allow":["GET"]}}],"collection":[{"href":"http:\/\/www.cnog.ro\/index.php\/wp-json\/wp\/v2\/pages"}],"about":[{"href":"http:\/\/www.cnog.ro\/index.php\/wp-json\/wp\/v2\/types\/page"}],"author":[{"embeddable":true,"href":"http:\/\/www.cnog.ro\/index.php\/wp-json\/wp\/v2\/users\/1"}],"replies":[{"embeddable":true,"href":"http:\/\/www.cnog.ro\/index.php\/wp-json\/wp\/v2\/comments?post=7312"}],"version-history":[{"count":7,"href":"http:\/\/www.cnog.ro\/index.php\/wp-json\/wp\/v2\/pages\/7312\/revisions"}],"predecessor-version":[{"id":7328,"href":"http:\/\/www.cnog.ro\/index.php\/wp-json\/wp\/v2\/pages\/7312\/revisions\/7328"}],"wp:attachment":[{"href":"http:\/\/www.cnog.ro\/index.php\/wp-json\/wp\/v2\/media?parent=7312"}],"curies":[{"name":"wp","href":"https:\/\/api.w.org\/{rel}","templated":true}]}}