{"id":2240,"date":"2020-12-22T06:07:37","date_gmt":"2020-12-22T06:07:37","guid":{"rendered":"http:\/\/www.cnog.ro\/?page_id=2240"},"modified":"2021-05-26T06:07:27","modified_gmt":"2021-05-26T06:07:27","slug":"erasmus-lets-go-it-pregatire-internationala-pentru-o-cariera-mai-buna","status":"publish","type":"page","link":"http:\/\/www.cnog.ro\/index.php\/erasmus-lets-go-it-pregatire-internationala-pentru-o-cariera-mai-buna\/","title":{"rendered":"Erasmus+ \u201eLet\u2019s go IT: Pregatire international\u0103 pentru o carier\u0103 mai bun\u0103\u201d."},"content":{"rendered":"<p><a href=\"http:\/\/www.cnog.ro\/wp-content\/uploads\/2021\/05\/procedura-selectie-flux-2-proiect-ERASMUSVET-078323.pdf\" class=\"pdfemb-viewer\" style=\"\" data-width=\"max\" data-height=\"max\" data-toolbar=\"bottom\" data-toolbar-fixed=\"on\">procedura selectie flux 2 proiect ERASMUS+VET 078323<\/a><br \/>\n<a href=\"http:\/\/www.cnog.ro\/wp-content\/uploads\/2020\/12\/Poster-proiect.pdf\" class=\"pdfemb-viewer\" style=\"\" data-width=\"max\" data-height=\"max\" data-toolbar=\"bottom\" data-toolbar-fixed=\"on\">Poster proiect<\/a><br \/>\n<a href=\"http:\/\/www.cnog.ro\/wp-content\/uploads\/2020\/12\/Articol-ErasmusVET-2020-Goga.pdf\" class=\"pdfemb-viewer\" style=\"\" data-width=\"max\" data-height=\"max\" data-toolbar=\"bottom\" data-toolbar-fixed=\"on\">Articol ErasmusVET 2020 Goga<\/a><br \/>\n<a href=\"http:\/\/www.cnog.ro\/wp-content\/uploads\/2020\/12\/1-Proiectul-VET-2020-Cipru_Spania.pdf\" class=\"pdfemb-viewer\" style=\"\" data-width=\"max\" data-height=\"max\" data-toolbar=\"bottom\" data-toolbar-fixed=\"on\">1 Proiectul VET 2020 Cipru_Spania<\/a><br \/>\n<a href=\"http:\/\/www.cnog.ro\/wp-content\/uploads\/2021\/01\/Procedura-selectie-2020.pdf\" class=\"pdfemb-viewer\" style=\"\" data-width=\"max\" data-height=\"max\" data-toolbar=\"bottom\" data-toolbar-fixed=\"on\">Procedura selectie 2020<\/a><br \/>\n<a href=\"http:\/\/www.cnog.ro\/wp-content\/uploads\/2021\/01\/Tabel-nominal-elevi-eligibili.pdf\" class=\"pdfemb-viewer\" style=\"\" data-width=\"max\" data-height=\"max\" data-toolbar=\"bottom\" data-toolbar-fixed=\"on\">Tabel nominal elevi eligibili<\/a><br \/>\n<a href=\"http:\/\/www.cnog.ro\/wp-content\/uploads\/2021\/01\/Rezultate-ERASMUS.pdf\" class=\"pdfemb-viewer\" style=\"\" data-width=\"max\" data-height=\"max\" data-toolbar=\"bottom\" data-toolbar-fixed=\"on\">Rezultate ERASMUS<\/a><\/p>\n","protected":false},"excerpt":{"rendered":"","protected":false},"author":1,"featured_media":0,"parent":0,"menu_order":0,"comment_status":"closed","ping_status":"closed","template":"","meta":{"footnotes":"","_links_to":"","_links_to_target":""},"class_list":["post-2240","page","type-page","status-publish","hentry"],"_links":{"self":[{"href":"http:\/\/www.cnog.ro\/index.php\/wp-json\/wp\/v2\/pages\/2240","targetHints":{"allow":["GET"]}}],"collection":[{"href":"http:\/\/www.cnog.ro\/index.php\/wp-json\/wp\/v2\/pages"}],"about":[{"href":"http:\/\/www.cnog.ro\/index.php\/wp-json\/wp\/v2\/types\/page"}],"author":[{"embeddable":true,"href":"http:\/\/www.cnog.ro\/index.php\/wp-json\/wp\/v2\/users\/1"}],"replies":[{"embeddable":true,"href":"http:\/\/www.cnog.ro\/index.php\/wp-json\/wp\/v2\/comments?post=2240"}],"version-history":[{"count":9,"href":"http:\/\/www.cnog.ro\/index.php\/wp-json\/wp\/v2\/pages\/2240\/revisions"}],"predecessor-version":[{"id":2506,"href":"http:\/\/www.cnog.ro\/index.php\/wp-json\/wp\/v2\/pages\/2240\/revisions\/2506"}],"wp:attachment":[{"href":"http:\/\/www.cnog.ro\/index.php\/wp-json\/wp\/v2\/media?parent=2240"}],"curies":[{"name":"wp","href":"https:\/\/api.w.org\/{rel}","templated":true}]}}